{"id":4285,"date":"2023-10-10T09:55:12","date_gmt":"2023-10-10T07:55:12","guid":{"rendered":"https:\/\/lorenzo.fr\/?post_type=product&#038;p=4285"},"modified":"2023-10-20T12:36:46","modified_gmt":"2023-10-20T10:36:46","slug":"lorenzo-black-white-signed","status":"publish","type":"product","link":"https:\/\/lorenzo.fr\/fr\/produit\/lorenzo-black-white-signed\/","title":{"rendered":"LORENZO Black &#038; White &#8211; SIGN\u00c9"},"content":{"rendered":"","protected":false},"excerpt":{"rendered":"<p><strong>Lorenzo signera tous les livres!<\/strong><\/p>\n<p>Le parcours d&rsquo;un jeune cavalier artiste, \u00e0 travers ses num\u00e9ros de voltige \u00e9questre, les portraits de ses chevaux, son itin\u00e9raire et son univers personnel, le quotidien de l&rsquo;entra\u00eenement et des soins, depuis ses d\u00e9buts en Camargue jusqu&rsquo;\u00e0 ses spectacles internationaux.<\/p>\n<p>* Sign\u00e9 par Lorenzo<br \/>\n* Langue\u00a0: anglais et fran\u00e7ais<br \/>\n* Nb de pages : 160 pages<br \/>\n* Taille : 3,1 x 1,8 x 28,7 cm<br \/>\n* Auteur : Luisine Dessagne<br \/>\n* Photos : Heini Heitz<br \/>\n* \u00c9diteur : \u200eActes Sud<\/p>\n<p><a class=\"anchor\" href=\"#section-2\"><strong>LIRE LA DESCRIPTION COMPL\u00c8TE &raquo;<\/strong><\/a><\/p>\n","protected":false},"featured_media":4290,"template":"","meta":[],"yoast_head":"<!-- This site is optimized with the Yoast SEO plugin v16.4 - https:\/\/yoast.com\/wordpress\/plugins\/seo\/ -->\n<meta name=\"robots\" content=\"index, follow, max-snippet:-1, max-image-preview:large, max-video-preview:-1\" \/>\n<link rel=\"canonical\" href=\"https:\/\/lorenzo.fr\/fr\/produit\/lorenzo-black-white-signed\/\" \/>\n<meta property=\"og:locale\" content=\"fr_FR\" \/>\n<meta property=\"og:type\" content=\"article\" \/>\n<meta property=\"og:title\" content=\"LORENZO Black &amp; White - SIGN\u00c9 - Lorenzo International Horse Show\" \/>\n<meta property=\"og:description\" content=\"Lorenzo signera tous les livres!  Le parcours d&#039;un jeune cavalier artiste, \u00e0 travers ses num\u00e9ros de voltige \u00e9questre, les portraits de ses chevaux, son itin\u00e9raire et son univers personnel, le quotidien de l&#039;entra\u00eenement et des soins, depuis ses d\u00e9buts en Camargue jusqu&#039;\u00e0 ses spectacles internationaux.  * Sign\u00e9 par Lorenzo * Langue\u00a0: anglais et fran\u00e7ais * Nb de pages : 160 pages * Taille : 3,1 x 1,8 x 28,7 cm * Auteur : Luisine Dessagne * Photos : Heini Heitz * \u00c9diteur : \u200eActes Sud  LIRE LA DESCRIPTION COMPL\u00c8TE &raquo;\" \/>\n<meta property=\"og:url\" content=\"https:\/\/lorenzo.fr\/fr\/produit\/lorenzo-black-white-signed\/\" \/>\n<meta property=\"og:site_name\" content=\"Lorenzo International Horse Show\" \/>\n<meta property=\"article:publisher\" content=\"https:\/\/www.facebook.com\/lorenzohorseshow\" \/>\n<meta property=\"article:modified_time\" content=\"2023-10-20T10:36:46+00:00\" \/>\n<meta property=\"og:image\" content=\"https:\/\/lorenzo.fr\/wp-content\/uploads\/2023\/10\/lorenzo-black-and-white.jpg\" \/>\n\t<meta property=\"og:image:width\" content=\"1126\" \/>\n\t<meta property=\"og:image:height\" content=\"900\" \/>\n<meta name=\"twitter:card\" content=\"summary_large_image\" \/>\n<meta name=\"twitter:site\" content=\"@showlorenzo\" \/>\n<script type=\"application\/ld+json\" class=\"yoast-schema-graph\">{\"@context\":\"https:\/\/schema.org\",\"@graph\":[{\"@type\":\"WebSite\",\"@id\":\"https:\/\/lorenzo.fr\/#website\",\"url\":\"https:\/\/lorenzo.fr\/\",\"name\":\"Lorenzo International Horse Show\",\"description\":\"The Flying Frenchman\",\"potentialAction\":[{\"@type\":\"SearchAction\",\"target\":\"https:\/\/lorenzo.fr\/?s={search_term_string}\",\"query-input\":\"required name=search_term_string\"}],\"inLanguage\":\"fr-FR\"},{\"@type\":\"ImageObject\",\"@id\":\"https:\/\/lorenzo.fr\/fr\/produit\/lorenzo-black-white-signed\/#primaryimage\",\"inLanguage\":\"fr-FR\",\"url\":\"https:\/\/lorenzo.fr\/wp-content\/uploads\/2023\/10\/lorenzo-black-and-white.jpg\",\"contentUrl\":\"https:\/\/lorenzo.fr\/wp-content\/uploads\/2023\/10\/lorenzo-black-and-white.jpg\",\"width\":1126,\"height\":900,\"caption\":\"Lorenzo Black & White\"},{\"@type\":\"WebPage\",\"@id\":\"https:\/\/lorenzo.fr\/fr\/produit\/lorenzo-black-white-signed\/#webpage\",\"url\":\"https:\/\/lorenzo.fr\/fr\/produit\/lorenzo-black-white-signed\/\",\"name\":\"LORENZO Black & White - SIGN\\u00c9 - Lorenzo International Horse Show\",\"isPartOf\":{\"@id\":\"https:\/\/lorenzo.fr\/#website\"},\"primaryImageOfPage\":{\"@id\":\"https:\/\/lorenzo.fr\/fr\/produit\/lorenzo-black-white-signed\/#primaryimage\"},\"datePublished\":\"2023-10-10T07:55:12+00:00\",\"dateModified\":\"2023-10-20T10:36:46+00:00\",\"breadcrumb\":{\"@id\":\"https:\/\/lorenzo.fr\/fr\/produit\/lorenzo-black-white-signed\/#breadcrumb\"},\"inLanguage\":\"fr-FR\",\"potentialAction\":[{\"@type\":\"ReadAction\",\"target\":[\"https:\/\/lorenzo.fr\/fr\/produit\/lorenzo-black-white-signed\/\"]}]},{\"@type\":\"BreadcrumbList\",\"@id\":\"https:\/\/lorenzo.fr\/fr\/produit\/lorenzo-black-white-signed\/#breadcrumb\",\"itemListElement\":[{\"@type\":\"ListItem\",\"position\":1,\"item\":{\"@type\":\"WebPage\",\"@id\":\"https:\/\/lorenzo.fr\/fr\/\",\"url\":\"https:\/\/lorenzo.fr\/fr\/\",\"name\":\"Home\"}},{\"@type\":\"ListItem\",\"position\":2,\"item\":{\"@type\":\"WebPage\",\"@id\":\"https:\/\/lorenzo.fr\/shop\/\",\"url\":\"https:\/\/lorenzo.fr\/shop\/\",\"name\":\"Shop\"}},{\"@type\":\"ListItem\",\"position\":3,\"item\":{\"@id\":\"https:\/\/lorenzo.fr\/fr\/produit\/lorenzo-black-white-signed\/#webpage\"}}]}]}<\/script>\n<!-- \/ Yoast SEO plugin. -->","_links":{"self":[{"href":"https:\/\/lorenzo.fr\/fr\/wp-json\/wp\/v2\/product\/4285"}],"collection":[{"href":"https:\/\/lorenzo.fr\/fr\/wp-json\/wp\/v2\/product"}],"about":[{"href":"https:\/\/lorenzo.fr\/fr\/wp-json\/wp\/v2\/types\/product"}],"wp:featuredmedia":[{"embeddable":true,"href":"https:\/\/lorenzo.fr\/fr\/wp-json\/wp\/v2\/media\/4290"}],"wp:attachment":[{"href":"https:\/\/lorenzo.fr\/fr\/wp-json\/wp\/v2\/media?parent=4285"}],"curies":[{"name":"wp","href":"https:\/\/api.w.org\/{rel}","templated":true}]}}