{"id":3894,"date":"2021-01-09T20:32:11","date_gmt":"2021-01-09T19:32:11","guid":{"rendered":"https:\/\/lorenzo.fr\/product\/cap-lorenzo-academy\/"},"modified":"2021-01-09T22:04:21","modified_gmt":"2021-01-09T21:04:21","slug":"cap-lorenzo-academy","status":"publish","type":"product","link":"https:\/\/lorenzo.fr\/fr\/produit\/cap-lorenzo-academy\/","title":{"rendered":"Casquette &#8211; Lorenzo Academy"},"content":{"rendered":"","protected":false},"excerpt":{"rendered":"<p>Casquette \u00e9l\u00e9gante, confortable et de tr\u00e8s bonne qualit\u00e9. L\u2019ecusson \u00ab\u00a0Lorenzo Academy\u00a0\u00bb est brod\u00e9 sur le devant et le texte \u00ab Lorenzo.fr \u00bb sur le dos. La sangle r\u00e9glable \u00e0 l\u2019arri\u00e8re permet d\u2019ajuster la taille.<br \/>\nCouleur: bleu marine.<\/p>\n","protected":false},"featured_media":3885,"template":"","meta":[],"yoast_head":"<!-- This site is optimized with the Yoast SEO plugin v16.4 - https:\/\/yoast.com\/wordpress\/plugins\/seo\/ -->\n<meta name=\"robots\" content=\"index, follow, max-snippet:-1, max-image-preview:large, max-video-preview:-1\" \/>\n<link rel=\"canonical\" href=\"https:\/\/lorenzo.fr\/fr\/produit\/cap-lorenzo-academy\/\" \/>\n<meta property=\"og:locale\" content=\"fr_FR\" \/>\n<meta property=\"og:type\" content=\"article\" \/>\n<meta property=\"og:title\" content=\"Casquette - Lorenzo Academy - Lorenzo International Horse Show\" \/>\n<meta property=\"og:description\" content=\"Casquette \u00e9l\u00e9gante, confortable et de tr\u00e8s bonne qualit\u00e9. L\u2019ecusson \u00ab\u00a0Lorenzo Academy\u00a0\u00bb est brod\u00e9 sur le devant et le texte \u00ab Lorenzo.fr \u00bb sur le dos. La sangle r\u00e9glable \u00e0 l\u2019arri\u00e8re permet d\u2019ajuster la taille.  Couleur: bleu marine.\" \/>\n<meta property=\"og:url\" content=\"https:\/\/lorenzo.fr\/fr\/produit\/cap-lorenzo-academy\/\" \/>\n<meta property=\"og:site_name\" content=\"Lorenzo International Horse Show\" \/>\n<meta property=\"article:publisher\" content=\"https:\/\/www.facebook.com\/lorenzohorseshow\" \/>\n<meta property=\"article:modified_time\" content=\"2021-01-09T21:04:21+00:00\" \/>\n<meta property=\"og:image\" content=\"https:\/\/lorenzo.fr\/wp-content\/uploads\/2021\/01\/product-academy.jpg\" \/>\n\t<meta property=\"og:image:width\" content=\"1128\" \/>\n\t<meta property=\"og:image:height\" content=\"1410\" \/>\n<meta name=\"twitter:card\" content=\"summary_large_image\" \/>\n<meta name=\"twitter:site\" content=\"@showlorenzo\" \/>\n<script type=\"application\/ld+json\" class=\"yoast-schema-graph\">{\"@context\":\"https:\/\/schema.org\",\"@graph\":[{\"@type\":\"WebSite\",\"@id\":\"https:\/\/lorenzo.fr\/#website\",\"url\":\"https:\/\/lorenzo.fr\/\",\"name\":\"Lorenzo International Horse Show\",\"description\":\"The Flying Frenchman\",\"potentialAction\":[{\"@type\":\"SearchAction\",\"target\":\"https:\/\/lorenzo.fr\/?s={search_term_string}\",\"query-input\":\"required name=search_term_string\"}],\"inLanguage\":\"fr-FR\"},{\"@type\":\"ImageObject\",\"@id\":\"https:\/\/lorenzo.fr\/fr\/produit\/cap-lorenzo-academy\/#primaryimage\",\"inLanguage\":\"fr-FR\",\"url\":\"https:\/\/lorenzo.fr\/wp-content\/uploads\/2021\/01\/product-academy.jpg\",\"contentUrl\":\"https:\/\/lorenzo.fr\/wp-content\/uploads\/2021\/01\/product-academy.jpg\",\"width\":1128,\"height\":1410},{\"@type\":\"WebPage\",\"@id\":\"https:\/\/lorenzo.fr\/fr\/produit\/cap-lorenzo-academy\/#webpage\",\"url\":\"https:\/\/lorenzo.fr\/fr\/produit\/cap-lorenzo-academy\/\",\"name\":\"Casquette - Lorenzo Academy - Lorenzo International Horse Show\",\"isPartOf\":{\"@id\":\"https:\/\/lorenzo.fr\/#website\"},\"primaryImageOfPage\":{\"@id\":\"https:\/\/lorenzo.fr\/fr\/produit\/cap-lorenzo-academy\/#primaryimage\"},\"datePublished\":\"2021-01-09T19:32:11+00:00\",\"dateModified\":\"2021-01-09T21:04:21+00:00\",\"breadcrumb\":{\"@id\":\"https:\/\/lorenzo.fr\/fr\/produit\/cap-lorenzo-academy\/#breadcrumb\"},\"inLanguage\":\"fr-FR\",\"potentialAction\":[{\"@type\":\"ReadAction\",\"target\":[\"https:\/\/lorenzo.fr\/fr\/produit\/cap-lorenzo-academy\/\"]}]},{\"@type\":\"BreadcrumbList\",\"@id\":\"https:\/\/lorenzo.fr\/fr\/produit\/cap-lorenzo-academy\/#breadcrumb\",\"itemListElement\":[{\"@type\":\"ListItem\",\"position\":1,\"item\":{\"@type\":\"WebPage\",\"@id\":\"https:\/\/lorenzo.fr\/fr\/\",\"url\":\"https:\/\/lorenzo.fr\/fr\/\",\"name\":\"Home\"}},{\"@type\":\"ListItem\",\"position\":2,\"item\":{\"@type\":\"WebPage\",\"@id\":\"https:\/\/lorenzo.fr\/shop\/\",\"url\":\"https:\/\/lorenzo.fr\/shop\/\",\"name\":\"Shop\"}},{\"@type\":\"ListItem\",\"position\":3,\"item\":{\"@id\":\"https:\/\/lorenzo.fr\/fr\/produit\/cap-lorenzo-academy\/#webpage\"}}]}]}<\/script>\n<!-- \/ Yoast SEO plugin. -->","_links":{"self":[{"href":"https:\/\/lorenzo.fr\/fr\/wp-json\/wp\/v2\/product\/3894"}],"collection":[{"href":"https:\/\/lorenzo.fr\/fr\/wp-json\/wp\/v2\/product"}],"about":[{"href":"https:\/\/lorenzo.fr\/fr\/wp-json\/wp\/v2\/types\/product"}],"wp:featuredmedia":[{"embeddable":true,"href":"https:\/\/lorenzo.fr\/fr\/wp-json\/wp\/v2\/media\/3885"}],"wp:attachment":[{"href":"https:\/\/lorenzo.fr\/fr\/wp-json\/wp\/v2\/media?parent=3894"}],"curies":[{"name":"wp","href":"https:\/\/api.w.org\/{rel}","templated":true}]}}