{"id":3889,"date":"2021-01-09T20:29:34","date_gmt":"2021-01-09T19:29:34","guid":{"rendered":"https:\/\/lorenzo.fr\/product\/cap-lorenzo\/"},"modified":"2021-01-09T22:24:21","modified_gmt":"2021-01-09T21:24:21","slug":"cap-lorenzo","status":"publish","type":"product","link":"https:\/\/lorenzo.fr\/fr\/produit\/cap-lorenzo\/","title":{"rendered":"Casquette &#8211; Lorenzo"},"content":{"rendered":"","protected":false},"excerpt":{"rendered":"<p>Casquette \u00e9l\u00e9gante, confortable et de tr\u00e8s bonne qualit\u00e9. Le logo Lorenzo est brod\u00e9 sur le devant et le texte \u00ab International Horse Show \u00bb et \u00ab Lorenzo.fr \u00bb sur le dos. La sangle r\u00e9glable \u00e0 l\u2019arri\u00e8re permet d\u2019ajuster la taille.<br \/>\nCouleur: noir.<\/p>\n","protected":false},"featured_media":3883,"template":"","meta":[],"yoast_head":"<!-- This site is optimized with the Yoast SEO plugin v16.4 - https:\/\/yoast.com\/wordpress\/plugins\/seo\/ -->\n<meta name=\"robots\" content=\"index, follow, max-snippet:-1, max-image-preview:large, max-video-preview:-1\" \/>\n<link rel=\"canonical\" href=\"https:\/\/lorenzo.fr\/fr\/produit\/cap-lorenzo\/\" \/>\n<meta property=\"og:locale\" content=\"fr_FR\" \/>\n<meta property=\"og:type\" content=\"article\" \/>\n<meta property=\"og:title\" content=\"Casquette - Lorenzo - Lorenzo International Horse Show\" \/>\n<meta property=\"og:description\" content=\"Casquette \u00e9l\u00e9gante, confortable et de tr\u00e8s bonne qualit\u00e9. Le logo Lorenzo est brod\u00e9 sur le devant et le texte \u00ab International Horse Show \u00bb et \u00ab Lorenzo.fr \u00bb sur le dos. La sangle r\u00e9glable \u00e0 l\u2019arri\u00e8re permet d\u2019ajuster la taille.  Couleur: noir.\" \/>\n<meta property=\"og:url\" content=\"https:\/\/lorenzo.fr\/fr\/produit\/cap-lorenzo\/\" \/>\n<meta property=\"og:site_name\" content=\"Lorenzo International Horse Show\" \/>\n<meta property=\"article:publisher\" content=\"https:\/\/www.facebook.com\/lorenzohorseshow\" \/>\n<meta property=\"article:modified_time\" content=\"2021-01-09T21:24:21+00:00\" \/>\n<meta property=\"og:image\" content=\"https:\/\/lorenzo.fr\/wp-content\/uploads\/2021\/01\/product-cap-lorenzo.jpg\" \/>\n\t<meta property=\"og:image:width\" content=\"930\" \/>\n\t<meta property=\"og:image:height\" content=\"1163\" \/>\n<meta name=\"twitter:card\" content=\"summary_large_image\" \/>\n<meta name=\"twitter:site\" content=\"@showlorenzo\" \/>\n<script type=\"application\/ld+json\" class=\"yoast-schema-graph\">{\"@context\":\"https:\/\/schema.org\",\"@graph\":[{\"@type\":\"WebSite\",\"@id\":\"https:\/\/lorenzo.fr\/#website\",\"url\":\"https:\/\/lorenzo.fr\/\",\"name\":\"Lorenzo International Horse Show\",\"description\":\"The Flying Frenchman\",\"potentialAction\":[{\"@type\":\"SearchAction\",\"target\":\"https:\/\/lorenzo.fr\/?s={search_term_string}\",\"query-input\":\"required name=search_term_string\"}],\"inLanguage\":\"fr-FR\"},{\"@type\":\"ImageObject\",\"@id\":\"https:\/\/lorenzo.fr\/fr\/produit\/cap-lorenzo\/#primaryimage\",\"inLanguage\":\"fr-FR\",\"url\":\"https:\/\/lorenzo.fr\/wp-content\/uploads\/2021\/01\/product-cap-lorenzo.jpg\",\"contentUrl\":\"https:\/\/lorenzo.fr\/wp-content\/uploads\/2021\/01\/product-cap-lorenzo.jpg\",\"width\":930,\"height\":1163},{\"@type\":\"WebPage\",\"@id\":\"https:\/\/lorenzo.fr\/fr\/produit\/cap-lorenzo\/#webpage\",\"url\":\"https:\/\/lorenzo.fr\/fr\/produit\/cap-lorenzo\/\",\"name\":\"Casquette - Lorenzo - Lorenzo International Horse Show\",\"isPartOf\":{\"@id\":\"https:\/\/lorenzo.fr\/#website\"},\"primaryImageOfPage\":{\"@id\":\"https:\/\/lorenzo.fr\/fr\/produit\/cap-lorenzo\/#primaryimage\"},\"datePublished\":\"2021-01-09T19:29:34+00:00\",\"dateModified\":\"2021-01-09T21:24:21+00:00\",\"breadcrumb\":{\"@id\":\"https:\/\/lorenzo.fr\/fr\/produit\/cap-lorenzo\/#breadcrumb\"},\"inLanguage\":\"fr-FR\",\"potentialAction\":[{\"@type\":\"ReadAction\",\"target\":[\"https:\/\/lorenzo.fr\/fr\/produit\/cap-lorenzo\/\"]}]},{\"@type\":\"BreadcrumbList\",\"@id\":\"https:\/\/lorenzo.fr\/fr\/produit\/cap-lorenzo\/#breadcrumb\",\"itemListElement\":[{\"@type\":\"ListItem\",\"position\":1,\"item\":{\"@type\":\"WebPage\",\"@id\":\"https:\/\/lorenzo.fr\/fr\/\",\"url\":\"https:\/\/lorenzo.fr\/fr\/\",\"name\":\"Home\"}},{\"@type\":\"ListItem\",\"position\":2,\"item\":{\"@type\":\"WebPage\",\"@id\":\"https:\/\/lorenzo.fr\/shop\/\",\"url\":\"https:\/\/lorenzo.fr\/shop\/\",\"name\":\"Shop\"}},{\"@type\":\"ListItem\",\"position\":3,\"item\":{\"@id\":\"https:\/\/lorenzo.fr\/fr\/produit\/cap-lorenzo\/#webpage\"}}]}]}<\/script>\n<!-- \/ Yoast SEO plugin. -->","_links":{"self":[{"href":"https:\/\/lorenzo.fr\/fr\/wp-json\/wp\/v2\/product\/3889"}],"collection":[{"href":"https:\/\/lorenzo.fr\/fr\/wp-json\/wp\/v2\/product"}],"about":[{"href":"https:\/\/lorenzo.fr\/fr\/wp-json\/wp\/v2\/types\/product"}],"wp:featuredmedia":[{"embeddable":true,"href":"https:\/\/lorenzo.fr\/fr\/wp-json\/wp\/v2\/media\/3883"}],"wp:attachment":[{"href":"https:\/\/lorenzo.fr\/fr\/wp-json\/wp\/v2\/media?parent=3889"}],"curies":[{"name":"wp","href":"https:\/\/api.w.org\/{rel}","templated":true}]}}