{"id":3628,"date":"2020-11-08T13:39:40","date_gmt":"2020-11-08T12:39:40","guid":{"rendered":"https:\/\/lorenzo.fr\/product\/lorenzo-calendar-202\/"},"modified":"2021-01-09T22:49:18","modified_gmt":"2021-01-09T21:49:18","slug":"lorenzo-calendar-2021","status":"publish","type":"product","link":"https:\/\/lorenzo.fr\/fr\/produit\/lorenzo-calendar-2021\/","title":{"rendered":"Calendrier Lorenzo 2021"},"content":{"rendered":"","protected":false},"excerpt":{"rendered":"<p>Grand calendrier mural de qualit\u00e9 sup\u00e9rieure pour 2021.<br \/>\nAvec une s\u00e9lection des meilleures photos de Lorenzo.<\/p>\n<p>&#8211; Lorenzo signera tous les calendriers<br \/>\n&#8211; Taille: 40 \u00d7 40 cm<br \/>\n&#8211; Janvier &#8211; d\u00e9cembre 2021<\/p>\n<p>Photographes en vedette: Heini Heitz, Dawina von Dieken, Morgan Mirocolo, Irina Kazaridi, Robin Hasta Luego, Andrea Ivor, Laura Santelli.<\/p>\n","protected":false},"featured_media":3773,"template":"","meta":[],"yoast_head":"<!-- This site is optimized with the Yoast SEO plugin v16.4 - https:\/\/yoast.com\/wordpress\/plugins\/seo\/ -->\n<meta name=\"robots\" content=\"index, follow, max-snippet:-1, max-image-preview:large, max-video-preview:-1\" \/>\n<link rel=\"canonical\" href=\"https:\/\/lorenzo.fr\/fr\/produit\/lorenzo-calendar-2021\/\" \/>\n<meta property=\"og:locale\" content=\"fr_FR\" \/>\n<meta property=\"og:type\" content=\"article\" \/>\n<meta property=\"og:title\" content=\"Calendrier Lorenzo 2021 - Lorenzo International Horse Show\" \/>\n<meta property=\"og:description\" content=\"Grand calendrier mural de qualit\u00e9 sup\u00e9rieure pour 2021. Avec une s\u00e9lection des meilleures photos de Lorenzo.  - Lorenzo signera tous les calendriers - Taille: 40 \u00d7 40 cm - Janvier - d\u00e9cembre 2021  Photographes en vedette: Heini Heitz, Dawina von Dieken, Morgan Mirocolo, Irina Kazaridi, Robin Hasta Luego, Andrea Ivor, Laura Santelli.\" \/>\n<meta property=\"og:url\" content=\"https:\/\/lorenzo.fr\/fr\/produit\/lorenzo-calendar-2021\/\" \/>\n<meta property=\"og:site_name\" content=\"Lorenzo International Horse Show\" \/>\n<meta property=\"article:publisher\" content=\"https:\/\/www.facebook.com\/lorenzohorseshow\" \/>\n<meta property=\"article:modified_time\" content=\"2021-01-09T21:49:18+00:00\" \/>\n<meta property=\"og:image\" content=\"https:\/\/lorenzo.fr\/wp-content\/uploads\/2020\/11\/front.jpg\" \/>\n\t<meta property=\"og:image:width\" content=\"873\" \/>\n\t<meta property=\"og:image:height\" content=\"873\" \/>\n<meta name=\"twitter:card\" content=\"summary_large_image\" \/>\n<meta name=\"twitter:site\" content=\"@showlorenzo\" \/>\n<script type=\"application\/ld+json\" class=\"yoast-schema-graph\">{\"@context\":\"https:\/\/schema.org\",\"@graph\":[{\"@type\":\"WebSite\",\"@id\":\"https:\/\/lorenzo.fr\/#website\",\"url\":\"https:\/\/lorenzo.fr\/\",\"name\":\"Lorenzo International Horse Show\",\"description\":\"The Flying Frenchman\",\"potentialAction\":[{\"@type\":\"SearchAction\",\"target\":\"https:\/\/lorenzo.fr\/?s={search_term_string}\",\"query-input\":\"required name=search_term_string\"}],\"inLanguage\":\"fr-FR\"},{\"@type\":\"ImageObject\",\"@id\":\"https:\/\/lorenzo.fr\/fr\/produit\/lorenzo-calendar-2021\/#primaryimage\",\"inLanguage\":\"fr-FR\",\"url\":\"https:\/\/lorenzo.fr\/wp-content\/uploads\/2020\/11\/front.jpg\",\"contentUrl\":\"https:\/\/lorenzo.fr\/wp-content\/uploads\/2020\/11\/front.jpg\",\"width\":873,\"height\":873,\"caption\":\"Lorenzo Calendar 2021\"},{\"@type\":\"WebPage\",\"@id\":\"https:\/\/lorenzo.fr\/fr\/produit\/lorenzo-calendar-2021\/#webpage\",\"url\":\"https:\/\/lorenzo.fr\/fr\/produit\/lorenzo-calendar-2021\/\",\"name\":\"Calendrier Lorenzo 2021 - Lorenzo International Horse Show\",\"isPartOf\":{\"@id\":\"https:\/\/lorenzo.fr\/#website\"},\"primaryImageOfPage\":{\"@id\":\"https:\/\/lorenzo.fr\/fr\/produit\/lorenzo-calendar-2021\/#primaryimage\"},\"datePublished\":\"2020-11-08T12:39:40+00:00\",\"dateModified\":\"2021-01-09T21:49:18+00:00\",\"breadcrumb\":{\"@id\":\"https:\/\/lorenzo.fr\/fr\/produit\/lorenzo-calendar-2021\/#breadcrumb\"},\"inLanguage\":\"fr-FR\",\"potentialAction\":[{\"@type\":\"ReadAction\",\"target\":[\"https:\/\/lorenzo.fr\/fr\/produit\/lorenzo-calendar-2021\/\"]}]},{\"@type\":\"BreadcrumbList\",\"@id\":\"https:\/\/lorenzo.fr\/fr\/produit\/lorenzo-calendar-2021\/#breadcrumb\",\"itemListElement\":[{\"@type\":\"ListItem\",\"position\":1,\"item\":{\"@type\":\"WebPage\",\"@id\":\"https:\/\/lorenzo.fr\/fr\/\",\"url\":\"https:\/\/lorenzo.fr\/fr\/\",\"name\":\"Home\"}},{\"@type\":\"ListItem\",\"position\":2,\"item\":{\"@type\":\"WebPage\",\"@id\":\"https:\/\/lorenzo.fr\/shop\/\",\"url\":\"https:\/\/lorenzo.fr\/shop\/\",\"name\":\"Shop\"}},{\"@type\":\"ListItem\",\"position\":3,\"item\":{\"@id\":\"https:\/\/lorenzo.fr\/fr\/produit\/lorenzo-calendar-2021\/#webpage\"}}]}]}<\/script>\n<!-- \/ Yoast SEO plugin. -->","_links":{"self":[{"href":"https:\/\/lorenzo.fr\/fr\/wp-json\/wp\/v2\/product\/3628"}],"collection":[{"href":"https:\/\/lorenzo.fr\/fr\/wp-json\/wp\/v2\/product"}],"about":[{"href":"https:\/\/lorenzo.fr\/fr\/wp-json\/wp\/v2\/types\/product"}],"wp:featuredmedia":[{"embeddable":true,"href":"https:\/\/lorenzo.fr\/fr\/wp-json\/wp\/v2\/media\/3773"}],"wp:attachment":[{"href":"https:\/\/lorenzo.fr\/fr\/wp-json\/wp\/v2\/media?parent=3628"}],"curies":[{"name":"wp","href":"https:\/\/api.w.org\/{rel}","templated":true}]}}