{"id":2162,"date":"2020-02-26T12:28:11","date_gmt":"2020-02-26T11:28:11","guid":{"rendered":"https:\/\/lorenzo.fr\/product\/dvd-lorenzo-the-passion\/"},"modified":"2020-07-20T13:19:56","modified_gmt":"2020-07-20T11:19:56","slug":"dvd-lorenzo-the-passion","status":"publish","type":"product","link":"https:\/\/lorenzo.fr\/fr\/produit\/dvd-lorenzo-the-passion\/","title":{"rendered":"DVD &#8211; LORENZO, La Passion d&rsquo;aller toujours plus loin, toujours plus haut"},"content":{"rendered":"","protected":false},"excerpt":{"rendered":"<p>DUR\u00c9E : 60 minutes<br \/>\nFORMAT : DVD NTSC All Zones<br \/>\nLANGUE : Anglais (Sous Titres: Fran\u00e7ais, English, Deutsch)<br \/>\nAnn\u00e9e 2012<\/p>\n<p>Lorenzo nous pr\u00e9sente son deuxi\u00e8me DVD qui illustre le travail qu\u2019il a accompli avec ses chevaux depuis quelques ann\u00e9es, et la fa\u00e7on dont il a \u00e9volu\u00e9 avec eux au fil des saisons, des entrainements et des spectacles, entre l\u2019Autriche et sa Camargue natale.<br \/>\nC\u2019est donc avec grand plaisir que nous retrouvons cet artiste \u00e9questre hors du commun dans un documentaire intime et plein d\u2019\u00e9motions !<\/p>\n","protected":false},"featured_media":1643,"template":"","meta":[],"yoast_head":"<!-- This site is optimized with the Yoast SEO plugin v16.4 - https:\/\/yoast.com\/wordpress\/plugins\/seo\/ -->\n<meta name=\"robots\" content=\"index, follow, max-snippet:-1, max-image-preview:large, max-video-preview:-1\" \/>\n<link rel=\"canonical\" href=\"https:\/\/lorenzo.fr\/fr\/produit\/dvd-lorenzo-the-passion\/\" \/>\n<meta property=\"og:locale\" content=\"fr_FR\" \/>\n<meta property=\"og:type\" content=\"article\" \/>\n<meta property=\"og:title\" content=\"DVD - LORENZO, La Passion d&#039;aller toujours plus loin, toujours plus haut - Lorenzo International Horse Show\" \/>\n<meta property=\"og:description\" content=\"DUR\u00c9E : 60 minutes FORMAT : DVD NTSC All Zones LANGUE : Anglais (Sous Titres: Fran\u00e7ais, English, Deutsch) Ann\u00e9e 2012 Lorenzo nous pr\u00e9sente son deuxi\u00e8me DVD qui illustre le travail qu\u2019il a accompli avec ses chevaux depuis quelques ann\u00e9es, et la fa\u00e7on dont il a \u00e9volu\u00e9 avec eux au fil des saisons, des entrainements et des spectacles, entre l\u2019Autriche et sa Camargue natale. C\u2019est donc avec grand plaisir que nous retrouvons cet artiste \u00e9questre hors du commun dans un documentaire intime et plein d\u2019\u00e9motions !\" \/>\n<meta property=\"og:url\" content=\"https:\/\/lorenzo.fr\/fr\/produit\/dvd-lorenzo-the-passion\/\" \/>\n<meta property=\"og:site_name\" content=\"Lorenzo International Horse Show\" \/>\n<meta property=\"article:publisher\" content=\"https:\/\/www.facebook.com\/lorenzohorseshow\" \/>\n<meta property=\"article:modified_time\" content=\"2020-07-20T11:19:56+00:00\" \/>\n<meta property=\"og:image\" content=\"https:\/\/lorenzo.fr\/wp-content\/uploads\/2020\/02\/333305_10151061002082122_616302485_o.jpg\" \/>\n\t<meta property=\"og:image:width\" content=\"707\" \/>\n\t<meta property=\"og:image:height\" content=\"960\" \/>\n<meta name=\"twitter:card\" content=\"summary_large_image\" \/>\n<meta name=\"twitter:site\" content=\"@showlorenzo\" \/>\n<script type=\"application\/ld+json\" class=\"yoast-schema-graph\">{\"@context\":\"https:\/\/schema.org\",\"@graph\":[{\"@type\":\"WebSite\",\"@id\":\"https:\/\/lorenzo.fr\/#website\",\"url\":\"https:\/\/lorenzo.fr\/\",\"name\":\"Lorenzo International Horse Show\",\"description\":\"The Flying Frenchman\",\"potentialAction\":[{\"@type\":\"SearchAction\",\"target\":\"https:\/\/lorenzo.fr\/?s={search_term_string}\",\"query-input\":\"required name=search_term_string\"}],\"inLanguage\":\"fr-FR\"},{\"@type\":\"ImageObject\",\"@id\":\"https:\/\/lorenzo.fr\/fr\/produit\/dvd-lorenzo-the-passion\/#primaryimage\",\"inLanguage\":\"fr-FR\",\"url\":\"https:\/\/lorenzo.fr\/wp-content\/uploads\/2020\/02\/333305_10151061002082122_616302485_o.jpg\",\"contentUrl\":\"https:\/\/lorenzo.fr\/wp-content\/uploads\/2020\/02\/333305_10151061002082122_616302485_o.jpg\",\"width\":707,\"height\":960},{\"@type\":\"WebPage\",\"@id\":\"https:\/\/lorenzo.fr\/fr\/produit\/dvd-lorenzo-the-passion\/#webpage\",\"url\":\"https:\/\/lorenzo.fr\/fr\/produit\/dvd-lorenzo-the-passion\/\",\"name\":\"DVD - LORENZO, La Passion d'aller toujours plus loin, toujours plus haut - Lorenzo International Horse Show\",\"isPartOf\":{\"@id\":\"https:\/\/lorenzo.fr\/#website\"},\"primaryImageOfPage\":{\"@id\":\"https:\/\/lorenzo.fr\/fr\/produit\/dvd-lorenzo-the-passion\/#primaryimage\"},\"datePublished\":\"2020-02-26T11:28:11+00:00\",\"dateModified\":\"2020-07-20T11:19:56+00:00\",\"breadcrumb\":{\"@id\":\"https:\/\/lorenzo.fr\/fr\/produit\/dvd-lorenzo-the-passion\/#breadcrumb\"},\"inLanguage\":\"fr-FR\",\"potentialAction\":[{\"@type\":\"ReadAction\",\"target\":[\"https:\/\/lorenzo.fr\/fr\/produit\/dvd-lorenzo-the-passion\/\"]}]},{\"@type\":\"BreadcrumbList\",\"@id\":\"https:\/\/lorenzo.fr\/fr\/produit\/dvd-lorenzo-the-passion\/#breadcrumb\",\"itemListElement\":[{\"@type\":\"ListItem\",\"position\":1,\"item\":{\"@type\":\"WebPage\",\"@id\":\"https:\/\/lorenzo.fr\/fr\/\",\"url\":\"https:\/\/lorenzo.fr\/fr\/\",\"name\":\"Home\"}},{\"@type\":\"ListItem\",\"position\":2,\"item\":{\"@type\":\"WebPage\",\"@id\":\"https:\/\/lorenzo.fr\/shop\/\",\"url\":\"https:\/\/lorenzo.fr\/shop\/\",\"name\":\"Shop\"}},{\"@type\":\"ListItem\",\"position\":3,\"item\":{\"@id\":\"https:\/\/lorenzo.fr\/fr\/produit\/dvd-lorenzo-the-passion\/#webpage\"}}]}]}<\/script>\n<!-- \/ Yoast SEO plugin. -->","_links":{"self":[{"href":"https:\/\/lorenzo.fr\/fr\/wp-json\/wp\/v2\/product\/2162"}],"collection":[{"href":"https:\/\/lorenzo.fr\/fr\/wp-json\/wp\/v2\/product"}],"about":[{"href":"https:\/\/lorenzo.fr\/fr\/wp-json\/wp\/v2\/types\/product"}],"wp:featuredmedia":[{"embeddable":true,"href":"https:\/\/lorenzo.fr\/fr\/wp-json\/wp\/v2\/media\/1643"}],"wp:attachment":[{"href":"https:\/\/lorenzo.fr\/fr\/wp-json\/wp\/v2\/media?parent=2162"}],"curies":[{"name":"wp","href":"https:\/\/api.w.org\/{rel}","templated":true}]}}