{"id":2161,"date":"2020-02-26T12:27:40","date_gmt":"2020-02-26T11:27:40","guid":{"rendered":"https:\/\/lorenzo.fr\/product\/dvd-lorenzo-the-free-man\/"},"modified":"2020-07-20T13:19:57","modified_gmt":"2020-07-20T11:19:57","slug":"dvd-lorenzo-the-free-man","status":"publish","type":"product","link":"https:\/\/lorenzo.fr\/fr\/produit\/dvd-lorenzo-the-free-man\/","title":{"rendered":"DVD LORENZO l&rsquo;Homme Libre"},"content":{"rendered":"","protected":false},"excerpt":{"rendered":"<p>Par Obatala<\/p>\n<p>DUR\u00c9E : 1 h 30<br \/>\nFORMAT : NTSC All Zones<br \/>\nLANGUE : Fran\u00e7ais (Sous Titres: English, Deutsch, Espa\u00f1ol)<br \/>\nAnn\u00e9e 2006<\/p>\n<p><a class=\"anchor\" href=\"#section-1\"><strong>LIRE LA DESCRIPTION COMPL\u00c8TE &raquo;<\/strong><\/a><\/p>\n","protected":false},"featured_media":1642,"template":"","meta":[],"yoast_head":"<!-- This site is optimized with the Yoast SEO plugin v16.4 - https:\/\/yoast.com\/wordpress\/plugins\/seo\/ -->\n<meta name=\"robots\" content=\"index, follow, max-snippet:-1, max-image-preview:large, max-video-preview:-1\" \/>\n<link rel=\"canonical\" href=\"https:\/\/lorenzo.fr\/fr\/produit\/dvd-lorenzo-the-free-man\/\" \/>\n<meta property=\"og:locale\" content=\"fr_FR\" \/>\n<meta property=\"og:type\" content=\"article\" \/>\n<meta property=\"og:title\" content=\"DVD LORENZO l&#039;Homme Libre - Lorenzo International Horse Show\" \/>\n<meta property=\"og:description\" content=\"Par Obatala  DUR\u00c9E : 1 h 30 FORMAT : NTSC All Zones LANGUE : Fran\u00e7ais (Sous Titres: English, Deutsch, Espa\u00f1ol) Ann\u00e9e 2006 LIRE LA DESCRIPTION COMPL\u00c8TE &raquo;\" \/>\n<meta property=\"og:url\" content=\"https:\/\/lorenzo.fr\/fr\/produit\/dvd-lorenzo-the-free-man\/\" \/>\n<meta property=\"og:site_name\" content=\"Lorenzo International Horse Show\" \/>\n<meta property=\"article:publisher\" content=\"https:\/\/www.facebook.com\/lorenzohorseshow\" \/>\n<meta property=\"article:modified_time\" content=\"2020-07-20T11:19:57+00:00\" \/>\n<meta property=\"og:image\" content=\"https:\/\/lorenzo.fr\/wp-content\/uploads\/2020\/02\/51fnnFtAeL._AC_.jpg\" \/>\n\t<meta property=\"og:image:width\" content=\"351\" \/>\n\t<meta property=\"og:image:height\" content=\"500\" \/>\n<meta name=\"twitter:card\" content=\"summary_large_image\" \/>\n<meta name=\"twitter:site\" content=\"@showlorenzo\" \/>\n<script type=\"application\/ld+json\" class=\"yoast-schema-graph\">{\"@context\":\"https:\/\/schema.org\",\"@graph\":[{\"@type\":\"WebSite\",\"@id\":\"https:\/\/lorenzo.fr\/#website\",\"url\":\"https:\/\/lorenzo.fr\/\",\"name\":\"Lorenzo International Horse Show\",\"description\":\"The Flying Frenchman\",\"potentialAction\":[{\"@type\":\"SearchAction\",\"target\":\"https:\/\/lorenzo.fr\/?s={search_term_string}\",\"query-input\":\"required name=search_term_string\"}],\"inLanguage\":\"fr-FR\"},{\"@type\":\"ImageObject\",\"@id\":\"https:\/\/lorenzo.fr\/fr\/produit\/dvd-lorenzo-the-free-man\/#primaryimage\",\"inLanguage\":\"fr-FR\",\"url\":\"https:\/\/lorenzo.fr\/wp-content\/uploads\/2020\/02\/51fnnFtAeL._AC_.jpg\",\"contentUrl\":\"https:\/\/lorenzo.fr\/wp-content\/uploads\/2020\/02\/51fnnFtAeL._AC_.jpg\",\"width\":351,\"height\":500},{\"@type\":\"WebPage\",\"@id\":\"https:\/\/lorenzo.fr\/fr\/produit\/dvd-lorenzo-the-free-man\/#webpage\",\"url\":\"https:\/\/lorenzo.fr\/fr\/produit\/dvd-lorenzo-the-free-man\/\",\"name\":\"DVD LORENZO l'Homme Libre - Lorenzo International Horse Show\",\"isPartOf\":{\"@id\":\"https:\/\/lorenzo.fr\/#website\"},\"primaryImageOfPage\":{\"@id\":\"https:\/\/lorenzo.fr\/fr\/produit\/dvd-lorenzo-the-free-man\/#primaryimage\"},\"datePublished\":\"2020-02-26T11:27:40+00:00\",\"dateModified\":\"2020-07-20T11:19:57+00:00\",\"breadcrumb\":{\"@id\":\"https:\/\/lorenzo.fr\/fr\/produit\/dvd-lorenzo-the-free-man\/#breadcrumb\"},\"inLanguage\":\"fr-FR\",\"potentialAction\":[{\"@type\":\"ReadAction\",\"target\":[\"https:\/\/lorenzo.fr\/fr\/produit\/dvd-lorenzo-the-free-man\/\"]}]},{\"@type\":\"BreadcrumbList\",\"@id\":\"https:\/\/lorenzo.fr\/fr\/produit\/dvd-lorenzo-the-free-man\/#breadcrumb\",\"itemListElement\":[{\"@type\":\"ListItem\",\"position\":1,\"item\":{\"@type\":\"WebPage\",\"@id\":\"https:\/\/lorenzo.fr\/fr\/\",\"url\":\"https:\/\/lorenzo.fr\/fr\/\",\"name\":\"Home\"}},{\"@type\":\"ListItem\",\"position\":2,\"item\":{\"@type\":\"WebPage\",\"@id\":\"https:\/\/lorenzo.fr\/shop\/\",\"url\":\"https:\/\/lorenzo.fr\/shop\/\",\"name\":\"Shop\"}},{\"@type\":\"ListItem\",\"position\":3,\"item\":{\"@id\":\"https:\/\/lorenzo.fr\/fr\/produit\/dvd-lorenzo-the-free-man\/#webpage\"}}]}]}<\/script>\n<!-- \/ Yoast SEO plugin. -->","_links":{"self":[{"href":"https:\/\/lorenzo.fr\/fr\/wp-json\/wp\/v2\/product\/2161"}],"collection":[{"href":"https:\/\/lorenzo.fr\/fr\/wp-json\/wp\/v2\/product"}],"about":[{"href":"https:\/\/lorenzo.fr\/fr\/wp-json\/wp\/v2\/types\/product"}],"wp:featuredmedia":[{"embeddable":true,"href":"https:\/\/lorenzo.fr\/fr\/wp-json\/wp\/v2\/media\/1642"}],"wp:attachment":[{"href":"https:\/\/lorenzo.fr\/fr\/wp-json\/wp\/v2\/media?parent=2161"}],"curies":[{"name":"wp","href":"https:\/\/api.w.org\/{rel}","templated":true}]}}